{"id":1974,"date":"2025-09-08T13:08:16","date_gmt":"2025-09-08T11:08:16","guid":{"rendered":"https:\/\/radelster.de\/imprint\/"},"modified":"2025-12-09T12:26:16","modified_gmt":"2025-12-09T11:26:16","slug":"imprint","status":"publish","type":"page","link":"https:\/\/radelster.de\/en\/imprint\/","title":{"rendered":"Imprint"},"content":{"rendered":"\t\t<div data-elementor-type=\"wp-page\" data-elementor-id=\"1974\" class=\"elementor elementor-1974 elementor-668\" data-elementor-post-type=\"page\">\n\t\t\t\t<div class=\"elementor-element elementor-element-c53d185 e-flex e-con-boxed e-con e-parent\" data-id=\"c53d185\" data-element_type=\"container\" data-e-type=\"container\">\n\t\t\t\t\t<div class=\"e-con-inner\">\n\t\t\t\t<div class=\"elementor-element elementor-element-b9f2985 elementor-widget elementor-widget-heading\" data-id=\"b9f2985\" data-element_type=\"widget\" data-e-type=\"widget\" data-widget_type=\"heading.default\">\n\t\t\t\t\t<h1 class=\"elementor-heading-title elementor-size-default\">Imprint<\/h1>\t\t\t\t<\/div>\n\t\t\t\t<div class=\"elementor-element elementor-element-2d6f43a elementor-widget elementor-widget-text-editor\" data-id=\"2d6f43a\" data-element_type=\"widget\" data-e-type=\"widget\" data-widget_type=\"text-editor.default\">\n\t\t\t\t\t\t\t\t\t<p>RAD ELSTER Ltd.<br>Hagerstra\u00dfe 2<br>08645 Bad Elster<\/p><p>Commercial Register: HRB 37571<br>Registry Court: District Court Chemnitz<\/p><p><strong>Represented by:<\/strong><br>Katrin Baumg\u00e4rtel<br>Andr\u00e9 Stephan<\/p><p><strong>Contact<\/strong><\/p><p>Phone: +49 37437 53344-0<br>Email: info@radelster.de<\/p><p><strong>VAT ID<\/strong><\/p><p>VAT Identification Number according to Section 27 a of the German VAT Act:<br>DE456171366<\/p><p><strong>Responsible for content<\/strong><\/p><p>Andr\u00e9 Stephan<\/p><p><strong>Consumer Dispute Resolution\/Universal Arbitration Board<\/strong><\/p><p>We participate in a dispute resolution procedure before a consumer arbitration board. The competent body is the Universal Arbitration Board of the Center for Arbitration e.V., Stra\u00dfburger Stra\u00dfe 8, 77694 Kehl am Rhein (<a href=\"https:\/\/www.verbraucher-schlichter.de\" target=\"_blank\" rel=\"noopener noreferrer\">https:\/\/www.verbraucher-schlichter.de<\/a>).<\/p>\t\t\t\t\t\t\t\t<\/div>\n\t\t\t\t\t<\/div>\n\t\t\t\t<\/div>\n\t\t\t\t<\/div>\n\t\t","protected":false},"excerpt":{"rendered":"<p>Imprint RAD ELSTER Ltd.Hagerstra\u00dfe 208645 Bad Elster Commercial Register: HRB 37571Registry Court: District Court Chemnitz Represented by:Katrin Baumg\u00e4rtelAndr\u00e9 Stephan Contact Phone: +49 37437 53344-0Email: info@radelster.de VAT ID VAT Identification Number according to Section 27 a of the German VAT Act:DE456171366 Responsible for content Andr\u00e9 Stephan Consumer Dispute Resolution\/Universal Arbitration Board We participate in a dispute [&hellip;]<\/p>\n","protected":false},"author":1,"featured_media":0,"parent":0,"menu_order":0,"comment_status":"closed","ping_status":"closed","template":"","meta":{"footnotes":""},"class_list":["post-1974","page","type-page","status-publish","hentry"],"_links":{"self":[{"href":"https:\/\/radelster.de\/en\/wp-json\/wp\/v2\/pages\/1974","targetHints":{"allow":["GET"]}}],"collection":[{"href":"https:\/\/radelster.de\/en\/wp-json\/wp\/v2\/pages"}],"about":[{"href":"https:\/\/radelster.de\/en\/wp-json\/wp\/v2\/types\/page"}],"author":[{"embeddable":true,"href":"https:\/\/radelster.de\/en\/wp-json\/wp\/v2\/users\/1"}],"replies":[{"embeddable":true,"href":"https:\/\/radelster.de\/en\/wp-json\/wp\/v2\/comments?post=1974"}],"version-history":[{"count":3,"href":"https:\/\/radelster.de\/en\/wp-json\/wp\/v2\/pages\/1974\/revisions"}],"predecessor-version":[{"id":3053,"href":"https:\/\/radelster.de\/en\/wp-json\/wp\/v2\/pages\/1974\/revisions\/3053"}],"wp:attachment":[{"href":"https:\/\/radelster.de\/en\/wp-json\/wp\/v2\/media?parent=1974"}],"curies":[{"name":"wp","href":"https:\/\/api.w.org\/{rel}","templated":true}]}}