{"id":1964,"date":"2025-09-08T13:08:16","date_gmt":"2025-09-08T11:08:16","guid":{"rendered":"https:\/\/radelster.de\/impresum\/"},"modified":"2025-12-09T12:36:39","modified_gmt":"2025-12-09T11:36:39","slug":"tiraz","status":"publish","type":"page","link":"https:\/\/radelster.de\/cs\/tiraz\/","title":{"rendered":"Tir\u00e1\u017e"},"content":{"rendered":"\t\t<div data-elementor-type=\"wp-page\" data-elementor-id=\"1964\" class=\"elementor elementor-1964 elementor-668\" data-elementor-post-type=\"page\">\n\t\t\t\t<div class=\"elementor-element elementor-element-c53d185 e-flex e-con-boxed e-con e-parent\" data-id=\"c53d185\" data-element_type=\"container\" data-e-type=\"container\">\n\t\t\t\t\t<div class=\"e-con-inner\">\n\t\t\t\t<div class=\"elementor-element elementor-element-b9f2985 elementor-widget elementor-widget-heading\" data-id=\"b9f2985\" data-element_type=\"widget\" data-e-type=\"widget\" data-widget_type=\"heading.default\">\n\t\t\t\t\t<h1 class=\"elementor-heading-title elementor-size-default\">Impresum<\/h1>\t\t\t\t<\/div>\n\t\t\t\t<div class=\"elementor-element elementor-element-2d6f43a elementor-widget elementor-widget-text-editor\" data-id=\"2d6f43a\" data-element_type=\"widget\" data-e-type=\"widget\" data-widget_type=\"text-editor.default\">\n\t\t\t\t\t\t\t\t\t<p>RAD ELSTER GmbH<br>Hagerstra\u00dfe 2<br>08645 Bad Elster<\/p><p>Obchodn\u00ed rejst\u0159\u00edk: HRB 37571<br>Registra\u010dn\u00ed soud: Okresn\u00ed soud Chemnitz<\/p><p><strong>Zastoupeno:<\/strong><br>Katrin Baumg\u00e4rtel<br>Andr\u00e9 Stephan<\/p><p><strong>Kontakt<\/strong><\/p><p>Telefon: +49 37437 53344-0<br>E-mail: info@radelster.de<\/p><p><strong>DI\u010c<\/strong><\/p><p>Identifika\u010dn\u00ed \u010d\u00edslo pro da\u0148 zp\u0159idan\u00e9 hodnoty podle \u00a7 27 a z\u00e1kona o dani zp\u0159idan\u00e9 hodnoty:<br>DE456171366<\/p><p><strong>Redak\u010dn\u011b odpov\u011bdn\u00fd<\/strong><\/p><p>Andr\u00e9 Stephan<\/p><p><strong>\u0158e\u0161en\u00ed spot\u0159ebitelsk\u00fdch spor\u016f \/ univerz\u00e1ln\u00ed sm\u00edr\u010d\u00ed org\u00e1n<\/strong><\/p><p>\u00da\u010dastn\u00edme se \u0159\u00edzen\u00ed o \u0159e\u0161en\u00ed spor\u016f p\u0159ed spot\u0159ebitelsk\u00fdm sm\u00edr\u010d\u00edm org\u00e1nem. P\u0159\u00edslu\u0161n\u00fdm org\u00e1nem je univerz\u00e1ln\u00ed sm\u00edr\u010d\u00ed org\u00e1n Zentrums f\u00fcr Schlichtung e.V., Stra\u00dfburger Stra\u00dfe 8, 77694 Kehl am Rhein (<a href=\"https:\/\/www.verbraucher-schlichter.de\" target=\"_blank\" rel=\"noopener noreferrer\">https:\/\/www.verbraucher-schlichter.de<\/a>).<\/p>\t\t\t\t\t\t\t\t<\/div>\n\t\t\t\t\t<\/div>\n\t\t\t\t<\/div>\n\t\t\t\t<\/div>\n\t\t","protected":false},"excerpt":{"rendered":"<p>Impresum RAD ELSTER GmbHHagerstra\u00dfe 208645 Bad Elster Obchodn\u00ed rejst\u0159\u00edk: HRB 37571Registra\u010dn\u00ed soud: Okresn\u00ed soud Chemnitz Zastoupeno:Katrin Baumg\u00e4rtelAndr\u00e9 Stephan Kontakt Telefon: +49 37437 53344-0E-mail: info@radelster.de DI\u010c Identifika\u010dn\u00ed \u010d\u00edslo pro da\u0148 zp\u0159idan\u00e9 hodnoty podle \u00a7 27 a z\u00e1kona o dani zp\u0159idan\u00e9 hodnoty:DE456171366 Redak\u010dn\u011b odpov\u011bdn\u00fd Andr\u00e9 Stephan \u0158e\u0161en\u00ed spot\u0159ebitelsk\u00fdch spor\u016f \/ univerz\u00e1ln\u00ed sm\u00edr\u010d\u00ed org\u00e1n \u00da\u010dastn\u00edme se \u0159\u00edzen\u00ed o [&hellip;]<\/p>\n","protected":false},"author":1,"featured_media":0,"parent":0,"menu_order":0,"comment_status":"closed","ping_status":"closed","template":"","meta":{"footnotes":""},"class_list":["post-1964","page","type-page","status-publish","hentry"],"_links":{"self":[{"href":"https:\/\/radelster.de\/cs\/wp-json\/wp\/v2\/pages\/1964","targetHints":{"allow":["GET"]}}],"collection":[{"href":"https:\/\/radelster.de\/cs\/wp-json\/wp\/v2\/pages"}],"about":[{"href":"https:\/\/radelster.de\/cs\/wp-json\/wp\/v2\/types\/page"}],"author":[{"embeddable":true,"href":"https:\/\/radelster.de\/cs\/wp-json\/wp\/v2\/users\/1"}],"replies":[{"embeddable":true,"href":"https:\/\/radelster.de\/cs\/wp-json\/wp\/v2\/comments?post=1964"}],"version-history":[{"count":4,"href":"https:\/\/radelster.de\/cs\/wp-json\/wp\/v2\/pages\/1964\/revisions"}],"predecessor-version":[{"id":3055,"href":"https:\/\/radelster.de\/cs\/wp-json\/wp\/v2\/pages\/1964\/revisions\/3055"}],"wp:attachment":[{"href":"https:\/\/radelster.de\/cs\/wp-json\/wp\/v2\/media?parent=1964"}],"curies":[{"name":"wp","href":"https:\/\/api.w.org\/{rel}","templated":true}]}}